{"id":2,"date":"2022-05-31T12:43:35","date_gmt":"2022-05-31T11:43:35","guid":{"rendered":"https:\/\/stelasfoodstories.com\/?page_id=2"},"modified":"2023-07-06T09:27:41","modified_gmt":"2023-07-06T07:27:41","slug":"terms-and-conditions","status":"publish","type":"page","link":"https:\/\/stelasfoodstories.com\/hr\/uvjeti-i-odredbe\/","title":{"rendered":"Odredbe i uvjeti"},"content":{"rendered":"<div data-elementor-type=\"wp-page\" data-elementor-id=\"2\" class=\"elementor elementor-2\" data-elementor-post-type=\"page\">\n\t\t\t\t\t\t<section class=\"elementor-section elementor-top-section elementor-element elementor-element-a140677 elementor-section-boxed elementor-section-height-default elementor-section-height-default\" data-id=\"a140677\" data-element_type=\"section\">\n\t\t\t\t\t\t<div class=\"elementor-container elementor-column-gap-default\">\n\t\t\t\t\t<div class=\"elementor-column elementor-col-100 elementor-top-column elementor-element elementor-element-76d9aad\" data-id=\"76d9aad\" data-element_type=\"column\">\n\t\t\t<div class=\"elementor-widget-wrap elementor-element-populated\">\n\t\t\t\t\t\t<div class=\"elementor-element elementor-element-1dd2159 elementor-widget elementor-widget-text-editor\" data-id=\"1dd2159\" data-element_type=\"widget\" data-widget_type=\"text-editor.default\">\n\t\t\t\t<div class=\"elementor-widget-container\">\n\t\t\t\t\t\t\t\t\t<p>Odredbe i uvjeti<\/p>\n<p>Posljednje a\u017euriranje: 20. lipnja 2022.<\/p>\n<p>Molimo pa\u017eljivo pro\u010ditajte ove Odredbe i uvjete prije kori\u0161tenja Na\u0161e Usluge.<\/p>\t\t\t\t\t\t\t\t<\/div>\n\t\t\t\t<\/div>\n\t\t\t\t<div class=\"elementor-element elementor-element-ec298d0 elementor-widget elementor-widget-heading\" data-id=\"ec298d0\" data-element_type=\"widget\" data-widget_type=\"heading.default\">\n\t\t\t\t<div class=\"elementor-widget-container\">\n\t\t\t\t\t<h2 class=\"elementor-heading-title elementor-size-default\">Tuma\u010denje i definicije<\/h2>\t\t\t\t<\/div>\n\t\t\t\t<\/div>\n\t\t\t\t<div class=\"elementor-element elementor-element-9f8632d elementor-widget elementor-widget-text-editor\" data-id=\"9f8632d\" data-element_type=\"widget\" data-widget_type=\"text-editor.default\">\n\t\t\t\t<div class=\"elementor-widget-container\">\n\t\t\t\t\t\t\t\t\t<h4>Tuma\u010denje<\/h4><p>Rije\u010di \u010dije je po\u010detno slovo veliko imaju zna\u010denje definirano pod sljede\u0107im uvjetima. Sljede\u0107e definicije imat \u0107e isto zna\u010denje bez obzira pojavljuju li se u jednini ili u mno\u017eini.<\/p><h4>Definicije<\/h4><p>Za potrebe ovih Odredbi i uvjeta:<\/p><p><strong>Povezano dru\u0161tvo<\/strong> zna\u010di subjekt koji kontrolira, kontrolira ga ili je pod zajedni\u010dkom kontrolom sa strankom, pri \u010demu \"kontrola\" zna\u010di vlasni\u0161tvo nad 50% ili vi\u0161e dionica, vlasni\u010dkog udjela ili drugih vrijednosnih papira s pravom glasa za izbor direktora ili drugog upravlja\u010dkog tijela .<\/p><p><strong>Zemlja<\/strong> se odnosi na: Hrvatsku<\/p><p><strong> Tvrtka<\/strong> (koji se u ovom Ugovoru naziva ili \"Tvrtka\", \"Mi\", \"Nas\" ili \"Na\u0161\") odnosi se na Corner d.o.o., Ivana Lu\u010di\u0107a 2a, 10 000 Zagreb, OIB 25195888626.<\/p><p><strong>Ure\u0111aj<\/strong> zna\u010di svaki ure\u0111aj koji mo\u017ee pristupiti Usluzi kao \u0161to je ra\u010dunalo, mobilni telefon ili digitalni tablet.<\/p><p><strong>Povratne informacije<\/strong> su povratne informacije, inovacije ili sugestije koje ste poslali u vezi sa svojstvima, izvedbom ili zna\u010dajkama na\u0161e Usluge.<\/p><p><strong>Promocije<\/strong> se odnose na natjecanja, nagradne igre ili druge promocije koje se nude putem Usluge.<\/p><p><strong>Usluga<\/strong> se odnosi na Web stranicu.<\/p><p><strong>Odredbe i uvjeti<\/strong> (tako\u0111er pod nazivom \"Uvjeti\") zna\u010de ove Odredbe i uvjete koji \u010dine cjelokupni ugovor izme\u0111u Vas i Tvrtke u vezi s kori\u0161tenjem Usluge.<\/p><p><strong>Usluga dru\u0161tvenih medija tre\u0107e strane<\/strong> zna\u010di sve usluge ili sadr\u017eaj (uklju\u010duju\u0107i podatke, informacije, proizvode i usluge) koje pru\u017ea tre\u0107a strana, a koje Usluga mo\u017ee prikazati, uklju\u010diti ili u\u010diniti dostupnima.<\/p><p><strong>Web stranica<\/strong> se odnosi na Stela's Food Stories, dostupna na https:\/\/stelasfoodstories.com\/hr<\/p><p><strong>Vi<\/strong> ozna\u010davate pojedinca koji pristupa ili koristi Uslugu, ili tvrtku ili drugu pravnu osobu u \u010dije ime takva osoba pristupa ili koristi Uslugu, prema potrebi.<\/p>\t\t\t\t\t\t\t\t<\/div>\n\t\t\t\t<\/div>\n\t\t\t\t<div class=\"elementor-element elementor-element-ba031d9 elementor-widget elementor-widget-heading\" data-id=\"ba031d9\" data-element_type=\"widget\" data-widget_type=\"heading.default\">\n\t\t\t\t<div class=\"elementor-widget-container\">\n\t\t\t\t\t<h2 class=\"elementor-heading-title elementor-size-default\">Priznanje<\/h2>\t\t\t\t<\/div>\n\t\t\t\t<\/div>\n\t\t\t\t<div class=\"elementor-element elementor-element-c2753fc elementor-widget elementor-widget-text-editor\" data-id=\"c2753fc\" data-element_type=\"widget\" data-widget_type=\"text-editor.default\">\n\t\t\t\t<div class=\"elementor-widget-container\">\n\t\t\t\t\t\t\t\t\t<p>Ovo su Uvjeti i odredbe koji reguliraju kori\u0161tenje ove Usluge i ugovor koji djeluje izme\u0111u Vas i Tvrtke. Ovi Uvjeti i odredbe utvr\u0111uju prava i obveze svih korisnika u vezi s kori\u0161tenjem Usluge.<\/p><p>Va\u0161 pristup i kori\u0161tenje Usluzi uvjetovani su Va\u0161im prihva\u0107anjem i po\u0161tivanjem ovih Uvjeta i odredbi. Ovi se Uvjeti primjenjuju na sve posjetitelje, korisnike i druge koji pristupaju ili koriste Uslugu.<\/p><p>Va\u0161 pristup i kori\u0161tenje Usluzi uvjetovani su Va\u0161im prihva\u0107anjem i po\u0161tivanjem ovih Odredbi i uvjeta. Ovi se Uvjeti primjenjuju na sve posjetitelje, korisnike i druge koji pristupaju ili koriste Uslugu.<\/p><p>Izjavljujete da ste stariji od 18 godina. Tvrtka ne dopu\u0161ta osobama mla\u0111im od 18 godina kori\u0161tenje Usluge.<\/p><p>Va\u0161 pristup i kori\u0161tenje Usluge tako\u0111er je uvjetovan Va\u0161im prihva\u0107anjem i po\u0161tivanjem Pravila privatnosti Tvrtke. Na\u0161a pravila o privatnosti opisuju Na\u0161a pravila i postupke o prikupljanju, kori\u0161tenju i otkrivanju Va\u0161ih osobnih podataka kada koristite aplikaciju ili Web stranicu te Vam govore o Va\u0161im pravima na privatnost i kako Vas zakon \u0161titi. Molimo pa\u017eljivo pro\u010ditajte Na\u0161u Politiku privatnosti prije kori\u0161tenja Na\u0161e Usluge.<\/p>\t\t\t\t\t\t\t\t<\/div>\n\t\t\t\t<\/div>\n\t\t\t\t<div class=\"elementor-element elementor-element-a4bb35b elementor-widget elementor-widget-heading\" data-id=\"a4bb35b\" data-element_type=\"widget\" data-widget_type=\"heading.default\">\n\t\t\t\t<div class=\"elementor-widget-container\">\n\t\t\t\t\t<h2 class=\"elementor-heading-title elementor-size-default\">Promocije<\/h2>\t\t\t\t<\/div>\n\t\t\t\t<\/div>\n\t\t\t\t<div class=\"elementor-element elementor-element-6905381 elementor-widget elementor-widget-text-editor\" data-id=\"6905381\" data-element_type=\"widget\" data-widget_type=\"text-editor.default\">\n\t\t\t\t<div class=\"elementor-widget-container\">\n\t\t\t\t\t\t\t\t\t<p>Sve Promocije koje su dostupne putem Usluge mogu biti regulirane pravilima koja su odvojena od ovih Uvjeta.<\/p><p>Ako sudjelujete u bilo kojoj promociji, molimo pregledajte primjenjiva pravila kao i na\u0161a Pravila privatnosti. Ako su pravila za Promociju u suprotnosti s ovim Uvjetima, primjenjivat \u0107e se pravila Promocije.<\/p>\t\t\t\t\t\t\t\t<\/div>\n\t\t\t\t<\/div>\n\t\t\t\t<div class=\"elementor-element elementor-element-f659be7 elementor-widget elementor-widget-heading\" data-id=\"f659be7\" data-element_type=\"widget\" data-widget_type=\"heading.default\">\n\t\t\t\t<div class=\"elementor-widget-container\">\n\t\t\t\t\t<h2 class=\"elementor-heading-title elementor-size-default\">Intelektualno vlasni\u0161tvo<\/h2>\t\t\t\t<\/div>\n\t\t\t\t<\/div>\n\t\t\t\t<div class=\"elementor-element elementor-element-e92654e elementor-widget elementor-widget-text-editor\" data-id=\"e92654e\" data-element_type=\"widget\" data-widget_type=\"text-editor.default\">\n\t\t\t\t<div class=\"elementor-widget-container\">\n\t\t\t\t\t\t\t\t\t<p>Usluga i njezin izvorni sadr\u017eaj (isklju\u010duju\u0107i Sadr\u017eaj koji ste pru\u017eili Vi ili drugi korisnici), zna\u010dajke i funkcionalnost su i ostat \u0107e isklju\u010divo vlasni\u0161tvo Tvrtke i njenih davatelja licenci.<\/p><p>Usluga je za\u0161ti\u0107ena autorskim pravima, za\u0161titnim znakovima i drugim zakonima Zemlje i stranih zemalja.<\/p><p>Na\u0161i za\u0161titni znakovi i robni izgled ne smiju se koristiti u vezi s bilo kojim proizvodom ili uslugom bez prethodnog pismenog pristanka Tvrtke.<\/p>\t\t\t\t\t\t\t\t<\/div>\n\t\t\t\t<\/div>\n\t\t\t\t<div class=\"elementor-element elementor-element-0f35a02 elementor-widget elementor-widget-heading\" data-id=\"0f35a02\" data-element_type=\"widget\" data-widget_type=\"heading.default\">\n\t\t\t\t<div class=\"elementor-widget-container\">\n\t\t\t\t\t<h2 class=\"elementor-heading-title elementor-size-default\">Va\u0161e Povratne informacije za Nas<\/h2>\t\t\t\t<\/div>\n\t\t\t\t<\/div>\n\t\t\t\t<div class=\"elementor-element elementor-element-de6f9a7 elementor-widget elementor-widget-text-editor\" data-id=\"de6f9a7\" data-element_type=\"widget\" data-widget_type=\"text-editor.default\">\n\t\t\t\t<div class=\"elementor-widget-container\">\n\t\t\t\t\t\t\t\t\t<p>Dodjeljujete sva prava, vlasni\u0161tvo i interese u svim Povratnim informacijama koje date Tvrtki. Ako iz bilo kojeg razloga takav prijenos bude neu\u010dinkovit, sla\u017eete se da \u0107ete Tvrtki dati neisklju\u010divo, trajno, neopozivo, besplatno, svjetsko pravo i licencu za kori\u0161tenje, reprodukciju, otkrivanje, podlicenciranje, distribuciju, modificiranje i iskori\u0161tavanje takvih Povratnih informacija bez ograni\u010denje.<\/p>\t\t\t\t\t\t\t\t<\/div>\n\t\t\t\t<\/div>\n\t\t\t\t<div class=\"elementor-element elementor-element-0cbd8bb elementor-widget elementor-widget-heading\" data-id=\"0cbd8bb\" data-element_type=\"widget\" data-widget_type=\"heading.default\">\n\t\t\t\t<div class=\"elementor-widget-container\">\n\t\t\t\t\t<h2 class=\"elementor-heading-title elementor-size-default\">Veze na druge Web stranice<\/h2>\t\t\t\t<\/div>\n\t\t\t\t<\/div>\n\t\t\t\t<div class=\"elementor-element elementor-element-7ea8e55 elementor-widget elementor-widget-text-editor\" data-id=\"7ea8e55\" data-element_type=\"widget\" data-widget_type=\"text-editor.default\">\n\t\t\t\t<div class=\"elementor-widget-container\">\n\t\t\t\t\t\t\t\t\t<p>Na\u0161a Usluga mo\u017ee sadr\u017eavati poveznice na web stranice ili usluge tre\u0107ih strana koje nisu u vlasni\u0161tvu ili pod kontrolom Tvrtke.<\/p><p>Tvrtka nema kontrolu i ne preuzima nikakvu odgovornost za sadr\u017eaj, politiku privatnosti ili praksu bilo kojih web stranica ili usluga tre\u0107ih strana. \nNadalje potvr\u0111ujete i sla\u017eete se da Tvrtka ne\u0107e biti odgovorna ili odgovorna, izravno ili neizravno, za bilo kakvu \u0161tetu ili gubitak uzrokovan ili navodno uzrokovan kori\u0161tenjem ili oslanjanjem na bilo koji takav sadr\u017eaj, robu ili usluge dostupne na ili putem bilo koje takve web stranice ili usluge.\nIzri\u010dito Vam savjetujemo da pro\u010ditate odredbe i uvjete i politiku privatnosti svih web stranica ili usluga tre\u0107ih strana koje posje\u0107ujete.<\/p>\t\t\t\t\t\t\t\t<\/div>\n\t\t\t\t<\/div>\n\t\t\t\t<div class=\"elementor-element elementor-element-5f8ef25 elementor-widget elementor-widget-heading\" data-id=\"5f8ef25\" data-element_type=\"widget\" data-widget_type=\"heading.default\">\n\t\t\t\t<div class=\"elementor-widget-container\">\n\t\t\t\t\t<h2 class=\"elementor-heading-title elementor-size-default\">Raskid<\/h2>\t\t\t\t<\/div>\n\t\t\t\t<\/div>\n\t\t\t\t<div class=\"elementor-element elementor-element-092b405 elementor-widget elementor-widget-text-editor\" data-id=\"092b405\" data-element_type=\"widget\" data-widget_type=\"text-editor.default\">\n\t\t\t\t<div class=\"elementor-widget-container\">\n\t\t\t\t\t\t\t\t\t<p>Mo\u017eemo ukinuti ili obustaviti Va\u0161 pristup odmah, bez prethodne obavijesti ili odgovornosti, iz bilo kojeg razloga, uklju\u010duju\u0107i bez ograni\u010denja ako prekr\u0161ite ove Odredbe i uvjete.<\/p><p>Nakon prestanka, Va\u0161e pravo na kori\u0161tenje Usluge \u0107e odmah prestati.<\/p>\t\t\t\t\t\t\t\t<\/div>\n\t\t\t\t<\/div>\n\t\t\t\t<div class=\"elementor-element elementor-element-309f1fa elementor-widget elementor-widget-heading\" data-id=\"309f1fa\" data-element_type=\"widget\" data-widget_type=\"heading.default\">\n\t\t\t\t<div class=\"elementor-widget-container\">\n\t\t\t\t\t<h2 class=\"elementor-heading-title elementor-size-default\">Ograni\u010denje odgovornosti<\/h2>\t\t\t\t<\/div>\n\t\t\t\t<\/div>\n\t\t\t\t<div class=\"elementor-element elementor-element-151b03b elementor-widget elementor-widget-text-editor\" data-id=\"151b03b\" data-element_type=\"widget\" data-widget_type=\"text-editor.default\">\n\t\t\t\t<div class=\"elementor-widget-container\">\n\t\t\t\t\t\t\t\t\t<p>Bez obzira na bilo kakvu \u0161tetu koju biste mogli pretrpjeti, cjelokupna odgovornost za \u0161tetu Tvrtke i bilo kojeg od njenih dobavlja\u010da prema bilo kojoj odredbi ovih Uvjeta i Va\u0161 isklju\u010divi je pravni lijek za sve gore navedeno bit \u0107e ograni\u010deni na iznos koji ste stvarno platili putem Usluge ili 100 USD ako niste ni\u0161ta kupili putem Usluge.<\/p><p>U maksimalnoj mjeri dopu\u0161tenoj primjenjivim zakonom, ni u kojem slu\u010daju Tvrtka ili njezini dobavlja\u010di ne\u0107e biti odgovorni za bilo kakvu posebnu, slu\u010dajnu, neizravnu ili posljedi\u010dnu \u0161tetu (uklju\u010duju\u0107i, ali ne ograni\u010davaju\u0107i se na, \u0161tetu zbog gubitka dobiti, gubitak podataka ili druge informacije, za prekid poslovanja, za osobnu ozljedu, gubitak privatnosti koji proizlazi iz ili na bilo koji na\u010din povezan s kori\u0161tenjem ili nemogu\u0107no\u0161\u0107u kori\u0161tenja Usluge, softvera tre\u0107e strane i\/ili hardvera tre\u0107e strane koji se koristi s Uslugom, ili ina\u010de u vezi s bilo kojom odredbom ovih Uvjeta), \u010dak i ako je Tvrtka ili bilo koji dobavlja\u010d obavije\u0161ten o mogu\u0107nosti takve \u0161tete, pa \u010dak i ako pravni lijek ne ispuni svoju bitnu svrhu.<\/p><p>Neke dr\u017eave ne dopu\u0161taju isklju\u010denje impliciranih jamstava ili ograni\u010denja odgovornosti za slu\u010dajne ili posljedi\u010dne \u0161tete, \u0161to zna\u010di da se neka od gore navedenih ograni\u010denja mo\u017eda ne\u0107e primjenjivati. U tim \u0107e dr\u017eavama odgovornost svake strane biti ograni\u010dena u najve\u0107oj mjeri dopu\u0161tenoj zakonom.<\/p>\t\t\t\t\t\t\t\t<\/div>\n\t\t\t\t<\/div>\n\t\t\t\t<div class=\"elementor-element elementor-element-f383695 elementor-widget elementor-widget-heading\" data-id=\"f383695\" data-element_type=\"widget\" data-widget_type=\"heading.default\">\n\t\t\t\t<div class=\"elementor-widget-container\">\n\t\t\t\t\t<h2 class=\"elementor-heading-title elementor-size-default\">&quot;KAKO JESTE&quot; i &quot;KAKO DOSTUPNO&quot; Odricanje od odgovornosti<\/h2>\t\t\t\t<\/div>\n\t\t\t\t<\/div>\n\t\t\t\t<div class=\"elementor-element elementor-element-08c6174 elementor-widget elementor-widget-text-editor\" data-id=\"08c6174\" data-element_type=\"widget\" data-widget_type=\"text-editor.default\">\n\t\t\t\t<div class=\"elementor-widget-container\">\n\t\t\t\t\t\t\t\t\t<p>Usluga Vam se pru\u017ea \"KAKO JESTE\" i \"KAKO DOSTUPNO\" i sa svim gre\u0161kama i nedostacima bez jamstva bilo koje vrste. U maksimalnoj mjeri dopu\u0161tenoj primjenjivim zakonom, Tvrtka, u svoje ime i u ime svojih povezanih dru\u0161tava i svojih i njihovih odgovaraju\u0107ih davatelja licenci i pru\u017eatelja usluga, izri\u010dito se odri\u010de svih jamstava, bilo izri\u010ditih, impliciranih, zakonskih ili drugih, u pogledu Usluga, uklju\u010duju\u0107i sva implicirana jamstva o mogu\u0107nosti prodaje, prikladnosti za odre\u0111enu namjenu, naslovu i nekr\u0161enju, te jamstva koja mogu nastati tijekom poslovanja, tijeka izvedbe, upotrebe ili trgova\u010dke prakse. Bez ograni\u010denja na prethodno navedeno, Tvrtka ne daje nikakva jamstva ili obvezu, i ne daje nikakve izjave da \u0107e Usluga zadovoljiti Va\u0161e zahtjeve, posti\u0107i \u017eeljene rezultate, biti kompatibilna ili raditi s bilo kojim drugim softverom, aplikacijama, sustavima ili uslugama, raditi bez prekida, zadovoljiti sve standarde izvedbe ili pouzdanosti ili biti bez gre\u0161aka ili da se sve pogre\u0161ke ili nedostaci mogu ili \u0107e ispraviti.<\/p><p>Bez ograni\u010davanja prethodno navedenog, ni Tvrtka ni bilo koji od dobavlja\u010da tvrtke ne daju nikakvu izjavu ili jamstvo bilo koje vrste, izri\u010dito ili implicirano: (i) u pogledu rada ili dostupnosti Usluge, ili informacija, sadr\u017eaja i materijala ili proizvoda uklju\u010deno u njega; (ii) da \u0107e Usluga biti neprekidna ili bez gre\u0161aka; (iii) u pogledu to\u010dnosti, pouzdanosti ili valute bilo koje informacije ili sadr\u017eaja pru\u017eenog putem Usluge; ili (iv) da Usluga, njezini poslu\u017eitelji, sadr\u017eaj ili e-mailovi poslani iz ili u ime Tvrtke ne sadr\u017ee viruse, skripte, trojanske konje, crve, zlonamjerni softver, vremenske bombe ili druge \u0161tetne komponente.<\/p><p>Neke jurisdikcije ne dopu\u0161taju isklju\u010denje odre\u0111enih vrsta jamstava ili ograni\u010denja primjenjivih zakonskih prava potro\u0161a\u010da, tako da se neka ili sva gore navedena isklju\u010denja i ograni\u010denja mo\u017eda ne odnose na Vas. Ali u takvom slu\u010daju izuze\u0107a i ograni\u010denja navedena u ovom odjeljku primjenjivat \u0107e se u najve\u0107oj mjeri koja je provediva prema primjenjivom zakonu.<\/p>\t\t\t\t\t\t\t\t<\/div>\n\t\t\t\t<\/div>\n\t\t\t\t<div class=\"elementor-element elementor-element-140ee62 elementor-widget elementor-widget-heading\" data-id=\"140ee62\" data-element_type=\"widget\" data-widget_type=\"heading.default\">\n\t\t\t\t<div class=\"elementor-widget-container\">\n\t\t\t\t\t<h2 class=\"elementor-heading-title elementor-size-default\">Mjerodavno pravo<\/h2>\t\t\t\t<\/div>\n\t\t\t\t<\/div>\n\t\t\t\t<div class=\"elementor-element elementor-element-89ba9d4 elementor-widget elementor-widget-text-editor\" data-id=\"89ba9d4\" data-element_type=\"widget\" data-widget_type=\"text-editor.default\">\n\t\t\t\t<div class=\"elementor-widget-container\">\n\t\t\t\t\t\t\t\t\t<p>Zakoni Zemlje, isklju\u010duju\u0107i pravila o sukobu zakona, reguliraju ove Uvjete i Va\u0161e kori\u0161tenje Usluge. Va\u0161e kori\u0161tenje Aplikacije tako\u0111er mo\u017ee biti podlo\u017eno drugim lokalnim, dr\u017eavnim, nacionalnim ili me\u0111unarodnim zakonima.<\/p>\t\t\t\t\t\t\t\t<\/div>\n\t\t\t\t<\/div>\n\t\t\t\t<div class=\"elementor-element elementor-element-86c0483 elementor-widget elementor-widget-heading\" data-id=\"86c0483\" data-element_type=\"widget\" data-widget_type=\"heading.default\">\n\t\t\t\t<div class=\"elementor-widget-container\">\n\t\t\t\t\t<h2 class=\"elementor-heading-title elementor-size-default\">Rje\u0161avanje sporova<\/h2>\t\t\t\t<\/div>\n\t\t\t\t<\/div>\n\t\t\t\t<div class=\"elementor-element elementor-element-dd05724 elementor-widget elementor-widget-text-editor\" data-id=\"dd05724\" data-element_type=\"widget\" data-widget_type=\"text-editor.default\">\n\t\t\t\t<div class=\"elementor-widget-container\">\n\t\t\t\t\t\t\t\t\t<p>Ako imate bilo kakve nedoumice ili sporove u vezi s Uslugom, pristajete da \u0107ete prvo poku\u0161ati rije\u0161iti spor neformalno kontaktiranjem Tvrtke.<\/p>\t\t\t\t\t\t\t\t<\/div>\n\t\t\t\t<\/div>\n\t\t\t\t<div class=\"elementor-element elementor-element-8b9e4c7 elementor-widget elementor-widget-heading\" data-id=\"8b9e4c7\" data-element_type=\"widget\" data-widget_type=\"heading.default\">\n\t\t\t\t<div class=\"elementor-widget-container\">\n\t\t\t\t\t<h2 class=\"elementor-heading-title elementor-size-default\">Za korisnike Europske unije (EU).<\/h2>\t\t\t\t<\/div>\n\t\t\t\t<\/div>\n\t\t\t\t<div class=\"elementor-element elementor-element-4f1fe93 elementor-widget elementor-widget-text-editor\" data-id=\"4f1fe93\" data-element_type=\"widget\" data-widget_type=\"text-editor.default\">\n\t\t\t\t<div class=\"elementor-widget-container\">\n\t\t\t\t\t\t\t\t\t<p>Ako ste potro\u0161a\u010d Europske unije, imat \u0107ete koristi od svih obveznih odredbi zakona zemlje u kojoj \u017eivite.<\/p>\t\t\t\t\t\t\t\t<\/div>\n\t\t\t\t<\/div>\n\t\t\t\t<div class=\"elementor-element elementor-element-04186ad elementor-widget elementor-widget-heading\" data-id=\"04186ad\" data-element_type=\"widget\" data-widget_type=\"heading.default\">\n\t\t\t\t<div class=\"elementor-widget-container\">\n\t\t\t\t\t<h2 class=\"elementor-heading-title elementor-size-default\">Odvojivost i odricanje<\/h2>\t\t\t\t<\/div>\n\t\t\t\t<\/div>\n\t\t\t\t<div class=\"elementor-element elementor-element-1fde754 elementor-widget elementor-widget-text-editor\" data-id=\"1fde754\" data-element_type=\"widget\" data-widget_type=\"text-editor.default\">\n\t\t\t\t<div class=\"elementor-widget-container\">\n\t\t\t\t\t\t\t\t\t<h4>Odvojivost<\/h4><p>Ako se bilo koja odredba ovih Uvjeta smatra neprovedivom ili nevaljanom, takva \u0107e se odredba promijeniti i tuma\u010diti kako bi se ostvarili ciljevi te odredbe u najve\u0107oj mogu\u0107oj mjeri prema primjenjivom zakonu, a preostale odredbe \u0107e i dalje biti na snazi \u200b\u200bi u\u010dinku.<\/p><h4>Odricanje<\/h4><p>Osim kako je ovdje predvi\u0111eno, neispunjenje prava ili zahtijevanje izvr\u0161enja obveze prema ovim Uvjetima ne\u0107e utjecati na sposobnost stranke da ostvari takvo pravo ili zahtijeva takvo ispunjenje u bilo kojem trenutku nakon toga niti \u0107e odricanje od povrede predstavljati odricanje od svakog naknadnog kr\u0161enja.<\/p>\t\t\t\t\t\t\t\t<\/div>\n\t\t\t\t<\/div>\n\t\t\t\t<div class=\"elementor-element elementor-element-7d3b511 elementor-widget elementor-widget-heading\" data-id=\"7d3b511\" data-element_type=\"widget\" data-widget_type=\"heading.default\">\n\t\t\t\t<div class=\"elementor-widget-container\">\n\t\t\t\t\t<h2 class=\"elementor-heading-title elementor-size-default\">Prijevod Interpretacija<\/h2>\t\t\t\t<\/div>\n\t\t\t\t<\/div>\n\t\t\t\t<div class=\"elementor-element elementor-element-72ed464 elementor-widget elementor-widget-text-editor\" data-id=\"72ed464\" data-element_type=\"widget\" data-widget_type=\"text-editor.default\">\n\t\t\t\t<div class=\"elementor-widget-container\">\n\t\t\t\t\t\t\t\t\t<p>Ove Odredbe i uvjeti su mo\u017eda prevedeni ako smo vam ih u\u010dinili dostupnima na na\u0161oj Usluzi. Sla\u017eete se da \u0107e izvorni engleski tekst imati prednost u slu\u010daju spora.<\/p>\t\t\t\t\t\t\t\t<\/div>\n\t\t\t\t<\/div>\n\t\t\t\t<div class=\"elementor-element elementor-element-f60f32a elementor-widget elementor-widget-heading\" data-id=\"f60f32a\" data-element_type=\"widget\" data-widget_type=\"heading.default\">\n\t\t\t\t<div class=\"elementor-widget-container\">\n\t\t\t\t\t<h2 class=\"elementor-heading-title elementor-size-default\">Promjene ovih Odredbi i uvjeta<\/h2>\t\t\t\t<\/div>\n\t\t\t\t<\/div>\n\t\t\t\t<div class=\"elementor-element elementor-element-01b674a elementor-widget elementor-widget-text-editor\" data-id=\"01b674a\" data-element_type=\"widget\" data-widget_type=\"text-editor.default\">\n\t\t\t\t<div class=\"elementor-widget-container\">\n\t\t\t\t\t\t\t\t\t<p>Zadr\u017eavamo pravo, prema vlastitom naho\u0111enju, izmijeniti ili zamijeniti ove Uvjete u bilo kojem trenutku. Ako je izmjena zna\u010dajna, ulo\u017eit \u0107emo razumne napore da dostavimo obavijest od najmanje 30 dana prije stupanja na snagu novih uvjeta. \u0160to predstavlja zna\u010dajnu promjenu odredit \u0107emo prema Na\u0161em vlastitom naho\u0111enju.\u00a0<\/p><p>Nastavkom pristupa ili kori\u0161tenja Na\u0161e usluge nakon \u0161to te revizije stupe na snagu, sla\u017eete se da \u0107ete biti vezani revidiranim uvjetima. Ako se ne sla\u017eete s novim uvjetima, u cijelosti ili djelomi\u010dno, prestanite koristiti web stranicu i Uslugu.<\/p>\t\t\t\t\t\t\t\t<\/div>\n\t\t\t\t<\/div>\n\t\t\t\t<div class=\"elementor-element elementor-element-07c34ac elementor-widget elementor-widget-heading\" data-id=\"07c34ac\" data-element_type=\"widget\" data-widget_type=\"heading.default\">\n\t\t\t\t<div class=\"elementor-widget-container\">\n\t\t\t\t\t<h2 class=\"elementor-heading-title elementor-size-default\">Kontaktirajte nas<\/h2>\t\t\t\t<\/div>\n\t\t\t\t<\/div>\n\t\t\t\t<div class=\"elementor-element elementor-element-1d2616b elementor-widget elementor-widget-text-editor\" data-id=\"1d2616b\" data-element_type=\"widget\" data-widget_type=\"text-editor.default\">\n\t\t\t\t<div class=\"elementor-widget-container\">\n\t\t\t\t\t\t\t\t\t<p>Ako imate bilo kakvih pitanja o ovim Odredbama i uvjetima, mo\u017eete nas kontaktirati:\u00a0<\/p><p>E-po\u0161tom: stelasfoodstories@gmail.com<\/p>\t\t\t\t\t\t\t\t<\/div>\n\t\t\t\t<\/div>\n\t\t\t\t\t<\/div>\n\t\t<\/div>\n\t\t\t\t\t<\/div>\n\t\t<\/section>\n\t\t\t\t<\/div>","protected":false},"excerpt":{"rendered":"<p>Terms and Conditions Last updated: June 20, 2022 Please read these terms and conditions carefully before using Our Service. Interpretation and Definitions Interpretation The words of which the initial letter is capitalized have meanings defined under the following conditions. The following definitions shall have the same meaning regardless of whether they appear in singular or [&hellip;]<\/p>","protected":false},"author":1,"featured_media":0,"parent":0,"menu_order":0,"comment_status":"closed","ping_status":"closed","template":"","meta":{"_acf_changed":false,"footnotes":""},"class_list":["post-2","page","type-page","status-publish","hentry"],"acf":[],"_links":{"self":[{"href":"https:\/\/stelasfoodstories.com\/hr\/wp-json\/wp\/v2\/pages\/2","targetHints":{"allow":["GET"]}}],"collection":[{"href":"https:\/\/stelasfoodstories.com\/hr\/wp-json\/wp\/v2\/pages"}],"about":[{"href":"https:\/\/stelasfoodstories.com\/hr\/wp-json\/wp\/v2\/types\/page"}],"author":[{"embeddable":true,"href":"https:\/\/stelasfoodstories.com\/hr\/wp-json\/wp\/v2\/users\/1"}],"replies":[{"embeddable":true,"href":"https:\/\/stelasfoodstories.com\/hr\/wp-json\/wp\/v2\/comments?post=2"}],"version-history":[{"count":0,"href":"https:\/\/stelasfoodstories.com\/hr\/wp-json\/wp\/v2\/pages\/2\/revisions"}],"wp:attachment":[{"href":"https:\/\/stelasfoodstories.com\/hr\/wp-json\/wp\/v2\/media?parent=2"}],"curies":[{"name":"wp","href":"https:\/\/api.w.org\/{rel}","templated":true}]}}